{"id":1534,"date":"2023-05-30T11:14:25","date_gmt":"2023-05-30T11:14:25","guid":{"rendered":"https:\/\/classichouse.vip\/?page_id=1534"},"modified":"2023-05-30T11:43:35","modified_gmt":"2023-05-30T11:43:35","slug":"services-more","status":"publish","type":"page","link":"https:\/\/classichouse.vip\/de\/services-more\/","title":{"rendered":"Service und mehr"},"content":{"rendered":"<div data-elementor-type=\"wp-page\" data-elementor-id=\"1534\" class=\"elementor elementor-1534\" data-elementor-post-type=\"page\">\n\t\t\t\t<div data-particle_enable=\"false\" data-particle-mobile-disabled=\"false\" class=\"elementor-element elementor-element-a82036c e-flex e-con-boxed e-con e-parent\" data-id=\"a82036c\" data-element_type=\"container\">\n\t\t\t\t\t<div class=\"e-con-inner\">\n\t\t\t\t<div class=\"elementor-element elementor-element-bb24691 elementor-widget elementor-widget-heading\" data-id=\"bb24691\" data-element_type=\"widget\" data-widget_type=\"heading.default\">\n\t\t\t\t<div class=\"elementor-widget-container\">\n\t\t\t<style>\/*! elementor - v3.21.0 - 20-05-2024 *\/\n.elementor-heading-title{padding:0;margin:0;line-height:1}.elementor-widget-heading .elementor-heading-title[class*=elementor-size-]>a{color:inherit;font-size:inherit;line-height:inherit}.elementor-widget-heading .elementor-heading-title.elementor-size-small{font-size:15px}.elementor-widget-heading .elementor-heading-title.elementor-size-medium{font-size:19px}.elementor-widget-heading .elementor-heading-title.elementor-size-large{font-size:29px}.elementor-widget-heading .elementor-heading-title.elementor-size-xl{font-size:39px}.elementor-widget-heading .elementor-heading-title.elementor-size-xxl{font-size:59px}<\/style><div class=\"elementor-heading-title elementor-size-default\">Services & More<\/div>\t\t<\/div>\n\t\t\t\t<\/div>\n\t\t\t\t\t<\/div>\n\t\t\t\t<\/div>\n\t\t<div data-particle_enable=\"false\" data-particle-mobile-disabled=\"false\" class=\"elementor-element elementor-element-373c664 e-flex e-con-boxed e-con e-parent\" data-id=\"373c664\" data-element_type=\"container\">\n\t\t\t\t\t<div class=\"e-con-inner\">\n\t\t\t\t<div class=\"elementor-element elementor-element-d344143 elementor-widget elementor-widget-eael-post-list\" data-id=\"d344143\" data-element_type=\"widget\" data-widget_type=\"eael-post-list.default\">\n\t\t\t\t<div class=\"elementor-widget-container\">\n\t\t\t<div class=\"eael-post-list-container advanced layout-advanced\"><div class=\"eael-post-list-wrap\"><div class=\"eael-post-list-posts-wrap eael-post-appender eael-post-appender-d344143\"><div class=\"eael-post-list-post eael-empty-thumbnail\"><div class=\"eael-post-list-post-inner\"><div class=\"eael-post-list-thumbnail eael-empty-thumbnail\"><\/div><div class=\"eael-post-list-content\"><h2 class=\"eael-post-list-title\"><a href=\"https:\/\/classichouse.vip\/de\/online-kasyno-vavada-2\/\"rel=\"nofollow\" target=\"_blank\">Online Kasyno Vavada<\/a><\/h2><div class=\"meta\">\n                    <span><i class=\"far fa-calendar-alt\"><\/i> Februar 2, 2026<\/span>\n                <\/div><div class=\"boxed-meta\"><\/div><\/div><\/div><\/div><div class=\"eael-post-list-post eael-empty-thumbnail\"><div class=\"eael-post-list-post-inner\"><div class=\"eael-post-list-thumbnail eael-empty-thumbnail\"><\/div><div class=\"eael-post-list-content\"><h2 class=\"eael-post-list-title\"><a href=\"https:\/\/classichouse.vip\/de\/merhabet-sayesinde-rulet-masalarnda-sansnz-deneyin\/\"rel=\"nofollow\" target=\"_blank\">Merhabet Sayesinde Rulet Masalar\u0131nda S\u0327ans\u0131n\u0131z\u0131 Deneyin Risk Yo\u0308netimiyle Kazanc\u0131n\u0131z\u0131 Dengeleyin<\/a><\/h2><div class=\"meta\">\n                    <span><i class=\"far fa-calendar-alt\"><\/i> November 30, 2025<\/span>\n                <\/div><div class=\"boxed-meta\"><\/div><\/div><\/div><\/div><div class=\"eael-post-list-post\"><div class=\"eael-post-list-post-inner\"><div class=\"eael-post-list-thumbnail\"><a href=\"https:\/\/classichouse.vip\/de\/legal-certainty-through-european-laws\/\"rel=\"nofollow\"target=\"_blank\">\n                <img decoding=\"async\" src=\"https:\/\/classichouse.vip\/wp-content\/uploads\/2023\/05\/Rechtssicherheit-1024x532.jpg\" alt=\"\">\n            <\/a><\/div><div class=\"eael-post-list-content\"><h2 class=\"eael-post-list-title\"><a href=\"https:\/\/classichouse.vip\/de\/legal-certainty-through-european-laws\/\"rel=\"nofollow\" target=\"_blank\">Rechtssicherheit durch europ\u00e4ische Gesetze<\/a><\/h2><div class=\"meta\">\n                    <span><i class=\"far fa-calendar-alt\"><\/i> Mai 30, 2023<\/span>\n                <\/div><div class=\"boxed-meta\"><\/div><\/div><\/div><\/div><div class=\"eael-post-list-post\"><div class=\"eael-post-list-post-inner\"><div class=\"eael-post-list-thumbnail\"><a href=\"https:\/\/classichouse.vip\/de\/service\/\"rel=\"nofollow\"target=\"_blank\">\n                <img decoding=\"async\" src=\"https:\/\/classichouse.vip\/wp-content\/uploads\/2023\/05\/Service-1024x532.jpg\" alt=\"\">\n            <\/a><\/div><div class=\"eael-post-list-content\"><h2 class=\"eael-post-list-title\"><a href=\"https:\/\/classichouse.vip\/de\/service\/\"rel=\"nofollow\" target=\"_blank\">Service<\/a><\/h2><div class=\"meta\">\n                    <span><i class=\"far fa-calendar-alt\"><\/i> Mai 30, 2023<\/span>\n                <\/div><div class=\"boxed-meta\"><\/div><\/div><\/div><\/div><\/div><\/div>\n\t\t<\/div>\t\t<\/div>\n\t\t\t\t<\/div>\n\t\t\t\t\t<\/div>\n\t\t\t\t<\/div>\n\t\t\t\t<\/div>","protected":false},"excerpt":{"rendered":"<p>Services &#038; More Rechtssicherheit durch Europ\u00e4ische Gesetze May 30, 2023 Service May 30, 2023 Anmeldung May 30, 2023 Firmengr\u00fcndung May 30, 2023<\/p>","protected":false},"author":1,"featured_media":0,"parent":0,"menu_order":0,"comment_status":"closed","ping_status":"closed","template":"elementor_header_footer","meta":{"inline_featured_image":false,"footnotes":""},"class_list":["post-1534","page","type-page","status-publish","hentry"],"_links":{"self":[{"href":"https:\/\/classichouse.vip\/de\/wp-json\/wp\/v2\/pages\/1534","targetHints":{"allow":["GET"]}}],"collection":[{"href":"https:\/\/classichouse.vip\/de\/wp-json\/wp\/v2\/pages"}],"about":[{"href":"https:\/\/classichouse.vip\/de\/wp-json\/wp\/v2\/types\/page"}],"author":[{"embeddable":true,"href":"https:\/\/classichouse.vip\/de\/wp-json\/wp\/v2\/users\/1"}],"replies":[{"embeddable":true,"href":"https:\/\/classichouse.vip\/de\/wp-json\/wp\/v2\/comments?post=1534"}],"version-history":[{"count":7,"href":"https:\/\/classichouse.vip\/de\/wp-json\/wp\/v2\/pages\/1534\/revisions"}],"predecessor-version":[{"id":1575,"href":"https:\/\/classichouse.vip\/de\/wp-json\/wp\/v2\/pages\/1534\/revisions\/1575"}],"wp:attachment":[{"href":"https:\/\/classichouse.vip\/de\/wp-json\/wp\/v2\/media?parent=1534"}],"curies":[{"name":"wp","href":"https:\/\/api.w.org\/{rel}","templated":true}]}}