{"id":1577,"date":"2023-05-30T11:45:59","date_gmt":"2023-05-30T11:45:59","guid":{"rendered":"https:\/\/classichouse.vip\/?page_id=1577"},"modified":"2023-06-27T23:54:09","modified_gmt":"2023-06-27T23:54:09","slug":"sell-with-us","status":"publish","type":"page","link":"https:\/\/classichouse.vip\/de\/sell-with-us\/","title":{"rendered":"mit uns verkaufen"},"content":{"rendered":"<div data-elementor-type=\"wp-page\" data-elementor-id=\"1577\" class=\"elementor elementor-1577\" data-elementor-post-type=\"page\">\n\t\t\t\t<div data-particle_enable=\"false\" data-particle-mobile-disabled=\"false\" class=\"elementor-element elementor-element-37bd2176 e-flex e-con-boxed e-con e-parent\" data-id=\"37bd2176\" data-element_type=\"container\">\n\t\t\t\t\t<div class=\"e-con-inner\">\n\t\t\t\t<div class=\"elementor-element elementor-element-6bd0843e elementor-widget elementor-widget-heading\" data-id=\"6bd0843e\" data-element_type=\"widget\" data-widget_type=\"heading.default\">\n\t\t\t\t<div class=\"elementor-widget-container\">\n\t\t\t<style>\/*! elementor - v3.21.0 - 20-05-2024 *\/\n.elementor-heading-title{padding:0;margin:0;line-height:1}.elementor-widget-heading .elementor-heading-title[class*=elementor-size-]>a{color:inherit;font-size:inherit;line-height:inherit}.elementor-widget-heading .elementor-heading-title.elementor-size-small{font-size:15px}.elementor-widget-heading .elementor-heading-title.elementor-size-medium{font-size:19px}.elementor-widget-heading .elementor-heading-title.elementor-size-large{font-size:29px}.elementor-widget-heading .elementor-heading-title.elementor-size-xl{font-size:39px}.elementor-widget-heading .elementor-heading-title.elementor-size-xxl{font-size:59px}<\/style><div class=\"elementor-heading-title elementor-size-default\">Your business in Bulgaria<\/div>\t\t<\/div>\n\t\t\t\t<\/div>\n\t\t\t\t\t<\/div>\n\t\t\t\t<\/div>\n\t\t<div data-particle_enable=\"false\" data-particle-mobile-disabled=\"false\" class=\"elementor-element elementor-element-3a490f41 e-flex e-con-boxed e-con e-parent\" data-id=\"3a490f41\" data-element_type=\"container\">\n\t\t\t\t\t<div class=\"e-con-inner\">\n\t\t<div data-particle_enable=\"false\" data-particle-mobile-disabled=\"false\" class=\"elementor-element elementor-element-6b586711 e-con-full e-flex e-con e-child\" data-id=\"6b586711\" data-element_type=\"container\">\n\t\t\t\t<div class=\"elementor-element elementor-element-49189ffc elementor-widget elementor-widget-image\" data-id=\"49189ffc\" data-element_type=\"widget\" data-widget_type=\"image.default\">\n\t\t\t\t<div class=\"elementor-widget-container\">\n\t\t\t<style>\/*! elementor - v3.21.0 - 20-05-2024 *\/\n.elementor-widget-image{text-align:center}.elementor-widget-image a{display:inline-block}.elementor-widget-image a img[src$=\".svg\"]{width:48px}.elementor-widget-image img{vertical-align:middle;display:inline-block}<\/style>\t\t\t\t\t\t\t\t\t\t<img fetchpriority=\"high\" decoding=\"async\" width=\"1903\" height=\"988\" src=\"https:\/\/classichouse.vip\/wp-content\/uploads\/2023\/05\/Firmengrundung.jpg\" class=\"attachment-full size-full wp-image-1449\" alt=\"\" srcset=\"https:\/\/classichouse.vip\/wp-content\/uploads\/2023\/05\/Firmengrundung.jpg 1903w, https:\/\/classichouse.vip\/wp-content\/uploads\/2023\/05\/Firmengrundung-300x156.jpg 300w, https:\/\/classichouse.vip\/wp-content\/uploads\/2023\/05\/Firmengrundung-1024x532.jpg 1024w, https:\/\/classichouse.vip\/wp-content\/uploads\/2023\/05\/Firmengrundung-768x399.jpg 768w, https:\/\/classichouse.vip\/wp-content\/uploads\/2023\/05\/Firmengrundung-1536x797.jpg 1536w\" sizes=\"(max-width: 1903px) 100vw, 1903px\" \/>\t\t\t\t\t\t\t\t\t\t\t\t\t<\/div>\n\t\t\t\t<\/div>\n\t\t\t\t<\/div>\n\t\t<div data-particle_enable=\"false\" data-particle-mobile-disabled=\"false\" class=\"elementor-element elementor-element-6a5dcf23 e-con-full e-flex e-con e-child\" data-id=\"6a5dcf23\" data-element_type=\"container\">\n\t\t\t\t<div class=\"elementor-element elementor-element-9c270ea elementor-widget elementor-widget-text-editor\" data-id=\"9c270ea\" data-element_type=\"widget\" data-widget_type=\"text-editor.default\">\n\t\t\t\t<div class=\"elementor-widget-container\">\n\t\t\t<style>\/*! elementor - v3.21.0 - 20-05-2024 *\/\n.elementor-widget-text-editor.elementor-drop-cap-view-stacked .elementor-drop-cap{background-color:#69727d;color:#fff}.elementor-widget-text-editor.elementor-drop-cap-view-framed .elementor-drop-cap{color:#69727d;border:3px solid;background-color:transparent}.elementor-widget-text-editor:not(.elementor-drop-cap-view-default) .elementor-drop-cap{margin-top:8px}.elementor-widget-text-editor:not(.elementor-drop-cap-view-default) .elementor-drop-cap-letter{width:1em;height:1em}.elementor-widget-text-editor .elementor-drop-cap{float:left;text-align:center;line-height:1;font-size:50px}.elementor-widget-text-editor .elementor-drop-cap-letter{display:inline-block}<\/style>\t\t\t\t<p id=\"viewer-bipb6\" class=\"mm8Nw _1j-51 WkT0MK _1FoOD _3M0Fe T3Ond1 WkT0MK public-DraftStyleDefault-block-depth0 fixed-tab-size public-DraftStyleDefault-text-ltr\"><span class=\"_2PHJq public-DraftStyleDefault-ltr\">Zehntausende Ausl\u00e4nder leben inzwischen im herrlichen Bulgarien &#8211; und es werden immer mehr.<\/span><\/p><p id=\"viewer-1g9s5\" class=\"mm8Nw _1j-51 WkT0MK _1FoOD _3M0Fe T3Ond1 WkT0MK public-DraftStyleDefault-block-depth0 fixed-tab-size public-DraftStyleDefault-text-ltr\"><span class=\"_2PHJq public-DraftStyleDefault-ltr\">Und es sind bei weitem nicht nur Menschen, die bereits Ihren wohlverdienten Ruhestand genie\u00dfen. Es kommen auch immer mehr Unternehmer, die die niedrigen Steuers\u00e4tze in Bulgarien zu sch\u00e4tzen wissen. Nun kann man sich nat\u00fcrlich auch alles selbst aus dem Internet zusammensuchen, sich das entsprechende know-how erarbeiten um dann eine Firma zu gr\u00fcnden. <\/span><\/p><p id=\"viewer-4s93h\" class=\"mm8Nw _1j-51 WkT0MK _1FoOD _3M0Fe T3Ond1 WkT0MK public-DraftStyleDefault-block-depth0 fixed-tab-size public-DraftStyleDefault-text-ltr\"><span class=\"_2PHJq public-DraftStyleDefault-ltr\">Oder Sie nehmen einfach unseren Service in Anspruch. Unsere deutschsprachigen Steuerberater (inzwischen auch privat sehr gute Freunde) gr\u00fcnden f\u00fcr Sie in ca. 10 Tagen eine Bulgarische Firma in Form einer GmbH. Inklusive Begleitung zur Er\u00f6ffnung eines Gesch\u00e4ftskontos, notarielle Beurkundung, Dolmetscher, Eintrag in das Handelsregister usw.\u00a0<\/span><\/p><p id=\"viewer-aobn8\" class=\"mm8Nw _1j-51 WkT0MK _1FoOD _3M0Fe T3Ond1 WkT0MK public-DraftStyleDefault-block-depth0 fixed-tab-size public-DraftStyleDefault-text-ltr\"><span class=\"_2PHJq public-DraftStyleDefault-ltr\"><strong>Einmalige Pauschale f\u00fcr die gesamte Gr\u00fcndung: nur 790,&#8211;\u20ac <\/strong><\/span><\/p>\t\t\t\t\t\t<\/div>\n\t\t\t\t<\/div>\n\t\t\t\t<\/div>\n\t\t\t\t\t<\/div>\n\t\t\t\t<\/div>\n\t\t\t\t<\/div>","protected":false},"excerpt":{"rendered":"<p>Your business in Bulgaria Zehntausende Ausl\u00e4nder leben inzwischen im herrlichen Bulgarien &#8211; und es werden immer mehr. Und es sind bei weitem nicht nur Menschen, die bereits Ihren wohlverdienten Ruhestand genie\u00dfen. Es kommen auch immer mehr Unternehmer, die die niedrigen Steuers\u00e4tze in Bulgarien zu sch\u00e4tzen wissen. Nun kann man sich nat\u00fcrlich auch alles selbst aus [&hellip;]<\/p>","protected":false},"author":1,"featured_media":0,"parent":0,"menu_order":0,"comment_status":"closed","ping_status":"closed","template":"elementor_header_footer","meta":{"inline_featured_image":false,"footnotes":""},"class_list":["post-1577","page","type-page","status-publish","hentry"],"_links":{"self":[{"href":"https:\/\/classichouse.vip\/de\/wp-json\/wp\/v2\/pages\/1577","targetHints":{"allow":["GET"]}}],"collection":[{"href":"https:\/\/classichouse.vip\/de\/wp-json\/wp\/v2\/pages"}],"about":[{"href":"https:\/\/classichouse.vip\/de\/wp-json\/wp\/v2\/types\/page"}],"author":[{"embeddable":true,"href":"https:\/\/classichouse.vip\/de\/wp-json\/wp\/v2\/users\/1"}],"replies":[{"embeddable":true,"href":"https:\/\/classichouse.vip\/de\/wp-json\/wp\/v2\/comments?post=1577"}],"version-history":[{"count":7,"href":"https:\/\/classichouse.vip\/de\/wp-json\/wp\/v2\/pages\/1577\/revisions"}],"predecessor-version":[{"id":1787,"href":"https:\/\/classichouse.vip\/de\/wp-json\/wp\/v2\/pages\/1577\/revisions\/1787"}],"wp:attachment":[{"href":"https:\/\/classichouse.vip\/de\/wp-json\/wp\/v2\/media?parent=1577"}],"curies":[{"name":"wp","href":"https:\/\/api.w.org\/{rel}","templated":true}]}}