{"id":1584,"date":"2023-05-30T11:58:28","date_gmt":"2023-05-30T11:58:28","guid":{"rendered":"https:\/\/classichouse.vip\/?page_id=1584"},"modified":"2023-07-25T11:49:18","modified_gmt":"2023-07-25T11:49:18","slug":"sold-properties","status":"publish","type":"page","link":"https:\/\/classichouse.vip\/de\/sold-properties\/","title":{"rendered":"Verkaufte Immobilien"},"content":{"rendered":"<div data-elementor-type=\"wp-page\" data-elementor-id=\"1584\" class=\"elementor elementor-1584\" data-elementor-post-type=\"page\">\n\t\t\t\t<div data-particle_enable=\"false\" data-particle-mobile-disabled=\"false\" class=\"elementor-element elementor-element-9a9a10a e-flex e-con-boxed e-con e-parent\" data-id=\"9a9a10a\" data-element_type=\"container\">\n\t\t\t\t\t<div class=\"e-con-inner\">\n\t\t\t\t<div class=\"elementor-element elementor-element-23c7b66 elementor-widget elementor-widget-heading\" data-id=\"23c7b66\" data-element_type=\"widget\" data-widget_type=\"heading.default\">\n\t\t\t\t<div class=\"elementor-widget-container\">\n\t\t\t<style>\/*! elementor - v3.21.0 - 20-05-2024 *\/\n.elementor-heading-title{padding:0;margin:0;line-height:1}.elementor-widget-heading .elementor-heading-title[class*=elementor-size-]>a{color:inherit;font-size:inherit;line-height:inherit}.elementor-widget-heading .elementor-heading-title.elementor-size-small{font-size:15px}.elementor-widget-heading .elementor-heading-title.elementor-size-medium{font-size:19px}.elementor-widget-heading .elementor-heading-title.elementor-size-large{font-size:29px}.elementor-widget-heading .elementor-heading-title.elementor-size-xl{font-size:39px}.elementor-widget-heading .elementor-heading-title.elementor-size-xxl{font-size:59px}<\/style><div class=\"elementor-heading-title elementor-size-default\">Beliebte Apartmentanlagen<\/div>\t\t<\/div>\n\t\t\t\t<\/div>\n\t\t\t\t\t<\/div>\n\t\t\t\t<\/div>\n\t\t<div data-particle_enable=\"false\" data-particle-mobile-disabled=\"false\" class=\"elementor-element elementor-element-dfea4fe e-flex e-con-boxed e-con e-parent\" data-id=\"dfea4fe\" data-element_type=\"container\">\n\t\t\t\t\t<div class=\"e-con-inner\">\n\t\t<div data-particle_enable=\"false\" data-particle-mobile-disabled=\"false\" class=\"elementor-element elementor-element-f4ad98d e-flex e-con-boxed e-con e-child\" data-id=\"f4ad98d\" data-element_type=\"container\">\n\t\t\t\t\t<div class=\"e-con-inner\">\n\t\t\t\t<div class=\"elementor-element elementor-element-32d857c elementor-widget elementor-widget-image\" data-id=\"32d857c\" data-element_type=\"widget\" data-widget_type=\"image.default\">\n\t\t\t\t<div class=\"elementor-widget-container\">\n\t\t\t<style>\/*! elementor - v3.21.0 - 20-05-2024 *\/\n.elementor-widget-image{text-align:center}.elementor-widget-image a{display:inline-block}.elementor-widget-image a img[src$=\".svg\"]{width:48px}.elementor-widget-image img{vertical-align:middle;display:inline-block}<\/style>\t\t\t\t\t\t\t\t\t\t\t<a href=\"https:\/\/classichouse.vip\/wp-content\/uploads\/2023\/05\/IMG_20230515_154341.jpg\" data-elementor-open-lightbox=\"yes\" data-elementor-lightbox-title=\"IMG_20230515_154341\" data-e-action-hash=\"#elementor-action%3Aaction%3Dlightbox%26settings%3DeyJpZCI6MTUyMSwidXJsIjoiaHR0cHM6XC9cL2NsYXNzaWNob3VzZS52aXBcL3dwLWNvbnRlbnRcL3VwbG9hZHNcLzIwMjNcLzA1XC9JTUdfMjAyMzA1MTVfMTU0MzQxLmpwZyJ9\">\n\t\t\t\t\t\t\t<img fetchpriority=\"high\" decoding=\"async\" width=\"800\" height=\"600\" src=\"https:\/\/classichouse.vip\/wp-content\/uploads\/2023\/05\/IMG_20230515_154341.jpg\" class=\"attachment-large size-large wp-image-1521\" alt=\"\" srcset=\"https:\/\/classichouse.vip\/wp-content\/uploads\/2023\/05\/IMG_20230515_154341.jpg 1024w, https:\/\/classichouse.vip\/wp-content\/uploads\/2023\/05\/IMG_20230515_154341-300x225.jpg 300w, https:\/\/classichouse.vip\/wp-content\/uploads\/2023\/05\/IMG_20230515_154341-768x576.jpg 768w\" sizes=\"(max-width: 800px) 100vw, 800px\" \/>\t\t\t\t\t\t\t\t<\/a>\n\t\t\t\t\t\t\t\t\t\t\t\t\t<\/div>\n\t\t\t\t<\/div>\n\t\t\t\t<div class=\"elementor-element elementor-element-aff5f65 elementor-widget elementor-widget-text-editor\" data-id=\"aff5f65\" data-element_type=\"widget\" data-widget_type=\"text-editor.default\">\n\t\t\t\t<div class=\"elementor-widget-container\">\n\t\t\t<style>\/*! elementor - v3.21.0 - 20-05-2024 *\/\n.elementor-widget-text-editor.elementor-drop-cap-view-stacked .elementor-drop-cap{background-color:#69727d;color:#fff}.elementor-widget-text-editor.elementor-drop-cap-view-framed .elementor-drop-cap{color:#69727d;border:3px solid;background-color:transparent}.elementor-widget-text-editor:not(.elementor-drop-cap-view-default) .elementor-drop-cap{margin-top:8px}.elementor-widget-text-editor:not(.elementor-drop-cap-view-default) .elementor-drop-cap-letter{width:1em;height:1em}.elementor-widget-text-editor .elementor-drop-cap{float:left;text-align:center;line-height:1;font-size:50px}.elementor-widget-text-editor .elementor-drop-cap-letter{display:inline-block}<\/style>\t\t\t\t<p>Apartment complex Nushev<\/p><p><br \/>In dieser wundersch\u00f6nen Anlage direkt am Meer in Sveti Vlas haben wir bereits mehrere Immobilien erfolgreich vermittelt.<\/p><p>Wir haben aktuell ein tolles Angebot f\u00fcr Sie. Zwei Wohnungen zum Preis von einer. F\u00fcr weitere Informationen k\u00f6nnen Sie uns gerne eine E-Mail senden.<\/p><div>\u00a0<\/div><div>\u00a0<\/div>\t\t\t\t\t\t<\/div>\n\t\t\t\t<\/div>\n\t\t\t\t\t<\/div>\n\t\t\t\t<\/div>\n\t\t<div data-particle_enable=\"false\" data-particle-mobile-disabled=\"false\" class=\"elementor-element elementor-element-79cdd06 e-flex e-con-boxed e-con e-child\" data-id=\"79cdd06\" data-element_type=\"container\">\n\t\t\t\t\t<div class=\"e-con-inner\">\n\t\t\t\t<div class=\"elementor-element elementor-element-c2008c0 elementor-widget elementor-widget-image\" data-id=\"c2008c0\" data-element_type=\"widget\" data-widget_type=\"image.default\">\n\t\t\t\t<div class=\"elementor-widget-container\">\n\t\t\t\t\t\t\t\t\t\t\t\t\t\t<a href=\"https:\/\/classichouse.vip\/wp-content\/uploads\/2023\/05\/IMG_20210917_121101_edit_106700887907676.jpg\" data-elementor-open-lightbox=\"yes\" data-elementor-lightbox-title=\"sdr_soft\" data-e-action-hash=\"#elementor-action%3Aaction%3Dlightbox%26settings%3DeyJpZCI6MTUzMywidXJsIjoiaHR0cHM6XC9cL2NsYXNzaWNob3VzZS52aXBcL3dwLWNvbnRlbnRcL3VwbG9hZHNcLzIwMjNcLzA1XC9JTUdfMjAyMTA5MTdfMTIxMTAxX2VkaXRfMTA2NzAwODg3OTA3Njc2LmpwZyJ9\">\n\t\t\t\t\t\t\t<img decoding=\"async\" width=\"800\" height=\"450\" src=\"https:\/\/classichouse.vip\/wp-content\/uploads\/2023\/05\/IMG_20210917_121101_edit_106700887907676-1024x576.jpg\" class=\"attachment-large size-large wp-image-1533\" alt=\"\" srcset=\"https:\/\/classichouse.vip\/wp-content\/uploads\/2023\/05\/IMG_20210917_121101_edit_106700887907676-1024x576.jpg 1024w, https:\/\/classichouse.vip\/wp-content\/uploads\/2023\/05\/IMG_20210917_121101_edit_106700887907676-300x169.jpg 300w, https:\/\/classichouse.vip\/wp-content\/uploads\/2023\/05\/IMG_20210917_121101_edit_106700887907676-768x432.jpg 768w, https:\/\/classichouse.vip\/wp-content\/uploads\/2023\/05\/IMG_20210917_121101_edit_106700887907676-1536x864.jpg 1536w, https:\/\/classichouse.vip\/wp-content\/uploads\/2023\/05\/IMG_20210917_121101_edit_106700887907676.jpg 1920w\" sizes=\"(max-width: 800px) 100vw, 800px\" \/>\t\t\t\t\t\t\t\t<\/a>\n\t\t\t\t\t\t\t\t\t\t\t\t\t<\/div>\n\t\t\t\t<\/div>\n\t\t\t\t<div class=\"elementor-element elementor-element-4615f4e elementor-widget elementor-widget-text-editor\" data-id=\"4615f4e\" data-element_type=\"widget\" data-widget_type=\"text-editor.default\">\n\t\t\t\t<div class=\"elementor-widget-container\">\n\t\t\t\t\t\t\t<p>VIP Zone Sunny Beach<\/p><p>Eine kleine Oase am Sonnenstrand. Sehr ruhige Lage, ca. 10 Gehminuten vom Strand entfernt. Dieser Komplex ist sowohl f\u00fcr das ganze Jahr als auch nur f\u00fcr die Sommermonate geeignet. Akt 16 ist nat\u00fcrlich vorhanden. Einige Wohnungen warten noch auf ihre neuen Besitzer. F\u00fcr weitere Informationen senden Sie uns bitte eine E-Mail.<\/p>\t\t\t\t\t\t<\/div>\n\t\t\t\t<\/div>\n\t\t\t\t\t<\/div>\n\t\t\t\t<\/div>\n\t\t<div data-particle_enable=\"false\" data-particle-mobile-disabled=\"false\" class=\"elementor-element elementor-element-0a8ab28 e-flex e-con-boxed e-con e-child\" data-id=\"0a8ab28\" data-element_type=\"container\">\n\t\t\t\t\t<div class=\"e-con-inner\">\n\t\t\t\t<div class=\"elementor-element elementor-element-54c5ba4 elementor-widget elementor-widget-image\" data-id=\"54c5ba4\" data-element_type=\"widget\" data-widget_type=\"image.default\">\n\t\t\t\t<div class=\"elementor-widget-container\">\n\t\t\t\t\t\t\t\t\t\t\t\t\t\t<a href=\"https:\/\/classichouse.vip\/wp-content\/uploads\/2023\/03\/1.jpg\" data-elementor-open-lightbox=\"yes\" data-elementor-lightbox-title=\"1\" data-e-action-hash=\"#elementor-action%3Aaction%3Dlightbox%26settings%3DeyJpZCI6MTA5MiwidXJsIjoiaHR0cHM6XC9cL2NsYXNzaWNob3VzZS52aXBcL3dwLWNvbnRlbnRcL3VwbG9hZHNcLzIwMjNcLzAzXC8xLmpwZyJ9\">\n\t\t\t\t\t\t\t<img decoding=\"async\" width=\"800\" height=\"450\" src=\"https:\/\/classichouse.vip\/wp-content\/uploads\/2023\/03\/1-1024x576.jpg\" class=\"attachment-large size-large wp-image-1092\" alt=\"\" srcset=\"https:\/\/classichouse.vip\/wp-content\/uploads\/2023\/03\/1-1024x576.jpg 1024w, https:\/\/classichouse.vip\/wp-content\/uploads\/2023\/03\/1-300x169.jpg 300w, https:\/\/classichouse.vip\/wp-content\/uploads\/2023\/03\/1-768x432.jpg 768w, https:\/\/classichouse.vip\/wp-content\/uploads\/2023\/03\/1-1536x864.jpg 1536w, https:\/\/classichouse.vip\/wp-content\/uploads\/2023\/03\/1.jpg 1920w\" sizes=\"(max-width: 800px) 100vw, 800px\" \/>\t\t\t\t\t\t\t\t<\/a>\n\t\t\t\t\t\t\t\t\t\t\t\t\t<\/div>\n\t\t\t\t<\/div>\n\t\t\t\t<div class=\"elementor-element elementor-element-d01c88f elementor-widget elementor-widget-text-editor\" data-id=\"d01c88f\" data-element_type=\"widget\" data-widget_type=\"text-editor.default\">\n\t\t\t\t<div class=\"elementor-widget-container\">\n\t\t\t\t\t\t\t<p>Prestige Fort Sveti Vlas<\/p><p>Genie\u00dfen Sie Ihren Morgenkaffee mit dieser Aussicht? Viele unserer Kunden k\u00f6nnen das bereits. Sie haben sich bewusst f\u00fcr diese wundersch\u00f6ne Anlage direkt am Meer entschieden. Einige Wohnungen warten noch auf ihre neuen Besitzer. Bitte kontaktieren Sie uns f\u00fcr weitere Informationen.<\/p>\t\t\t\t\t\t<\/div>\n\t\t\t\t<\/div>\n\t\t\t\t\t<\/div>\n\t\t\t\t<\/div>\n\t\t\t\t\t<\/div>\n\t\t\t\t<\/div>\n\t\t<div data-particle_enable=\"false\" data-particle-mobile-disabled=\"false\" class=\"elementor-element elementor-element-ebf9b38 e-flex e-con-boxed e-con e-parent\" data-id=\"ebf9b38\" data-element_type=\"container\">\n\t\t\t\t\t<div class=\"e-con-inner\">\n\t\t<div data-particle_enable=\"false\" data-particle-mobile-disabled=\"false\" class=\"elementor-element elementor-element-4f18c76 e-flex e-con-boxed e-con e-child\" data-id=\"4f18c76\" data-element_type=\"container\">\n\t\t\t\t\t<div class=\"e-con-inner\">\n\t\t\t\t<div class=\"elementor-element elementor-element-1f655ec elementor-widget elementor-widget-image\" data-id=\"1f655ec\" data-element_type=\"widget\" data-widget_type=\"image.default\">\n\t\t\t\t<div class=\"elementor-widget-container\">\n\t\t\t\t\t\t\t\t\t\t\t\t\t\t<a href=\"https:\/\/classichouse.vip\/wp-content\/uploads\/2023\/07\/IMG-20230721-WA0052.jpg\" data-elementor-open-lightbox=\"yes\" data-elementor-lightbox-title=\"IMG-20230721-WA0052\" data-e-action-hash=\"#elementor-action%3Aaction%3Dlightbox%26settings%3DeyJpZCI6MTkwOSwidXJsIjoiaHR0cHM6XC9cL2NsYXNzaWNob3VzZS52aXBcL3dwLWNvbnRlbnRcL3VwbG9hZHNcLzIwMjNcLzA3XC9JTUctMjAyMzA3MjEtV0EwMDUyLmpwZyJ9\">\n\t\t\t\t\t\t\t<img loading=\"lazy\" decoding=\"async\" width=\"800\" height=\"450\" src=\"https:\/\/classichouse.vip\/wp-content\/uploads\/2023\/07\/IMG-20230721-WA0052-1024x576.jpg\" class=\"attachment-large size-large wp-image-1909\" alt=\"\" srcset=\"https:\/\/classichouse.vip\/wp-content\/uploads\/2023\/07\/IMG-20230721-WA0052-1024x576.jpg 1024w, https:\/\/classichouse.vip\/wp-content\/uploads\/2023\/07\/IMG-20230721-WA0052-300x169.jpg 300w, https:\/\/classichouse.vip\/wp-content\/uploads\/2023\/07\/IMG-20230721-WA0052-768x432.jpg 768w, https:\/\/classichouse.vip\/wp-content\/uploads\/2023\/07\/IMG-20230721-WA0052-1536x864.jpg 1536w, https:\/\/classichouse.vip\/wp-content\/uploads\/2023\/07\/IMG-20230721-WA0052-18x10.jpg 18w, https:\/\/classichouse.vip\/wp-content\/uploads\/2023\/07\/IMG-20230721-WA0052.jpg 1920w\" sizes=\"(max-width: 800px) 100vw, 800px\" \/>\t\t\t\t\t\t\t\t<\/a>\n\t\t\t\t\t\t\t\t\t\t\t\t\t<\/div>\n\t\t\t\t<\/div>\n\t\t\t\t<div class=\"elementor-element elementor-element-9b83e94 elementor-widget elementor-widget-text-editor\" data-id=\"9b83e94\" data-element_type=\"widget\" data-widget_type=\"text-editor.default\">\n\t\t\t\t<div class=\"elementor-widget-container\">\n\t\t\t\t\t\t\t<p>Villa Antorini<\/p><p>This complex is located in Sveti Vlas. In a few minutes you are on the beautiful beach. In this complex we have a beautiful two bedroom apartment with two balconies and two bathrooms. Enjoy the beautiful view of the sea with a cup of coffee in the morning. For more information, write me an email.<\/p><div>\u00a0<\/div><div>\u00a0<\/div>\t\t\t\t\t\t<\/div>\n\t\t\t\t<\/div>\n\t\t\t\t\t<\/div>\n\t\t\t\t<\/div>\n\t\t<div data-particle_enable=\"false\" data-particle-mobile-disabled=\"false\" class=\"elementor-element elementor-element-dc62f32 e-flex e-con-boxed e-con e-child\" data-id=\"dc62f32\" data-element_type=\"container\">\n\t\t\t\t\t<div class=\"e-con-inner\">\n\t\t\t\t<div class=\"elementor-element elementor-element-560743f elementor-widget elementor-widget-image\" data-id=\"560743f\" data-element_type=\"widget\" data-widget_type=\"image.default\">\n\t\t\t\t<div class=\"elementor-widget-container\">\n\t\t\t\t\t\t\t\t\t\t\t\t\t\t<a href=\"https:\/\/classichouse.vip\/wp-content\/uploads\/2023\/05\/IMG_20210917_121101_edit_106700887907676.jpg\" data-elementor-open-lightbox=\"yes\" data-elementor-lightbox-title=\"sdr_soft\" data-e-action-hash=\"#elementor-action%3Aaction%3Dlightbox%26settings%3DeyJpZCI6MTUzMywidXJsIjoiaHR0cHM6XC9cL2NsYXNzaWNob3VzZS52aXBcL3dwLWNvbnRlbnRcL3VwbG9hZHNcLzIwMjNcLzA1XC9JTUdfMjAyMTA5MTdfMTIxMTAxX2VkaXRfMTA2NzAwODg3OTA3Njc2LmpwZyJ9\">\n\t\t\t\t\t\t\t<img decoding=\"async\" width=\"800\" height=\"450\" src=\"https:\/\/classichouse.vip\/wp-content\/uploads\/2023\/05\/IMG_20210917_121101_edit_106700887907676-1024x576.jpg\" class=\"attachment-large size-large wp-image-1533\" alt=\"\" srcset=\"https:\/\/classichouse.vip\/wp-content\/uploads\/2023\/05\/IMG_20210917_121101_edit_106700887907676-1024x576.jpg 1024w, https:\/\/classichouse.vip\/wp-content\/uploads\/2023\/05\/IMG_20210917_121101_edit_106700887907676-300x169.jpg 300w, https:\/\/classichouse.vip\/wp-content\/uploads\/2023\/05\/IMG_20210917_121101_edit_106700887907676-768x432.jpg 768w, https:\/\/classichouse.vip\/wp-content\/uploads\/2023\/05\/IMG_20210917_121101_edit_106700887907676-1536x864.jpg 1536w, https:\/\/classichouse.vip\/wp-content\/uploads\/2023\/05\/IMG_20210917_121101_edit_106700887907676.jpg 1920w\" sizes=\"(max-width: 800px) 100vw, 800px\" \/>\t\t\t\t\t\t\t\t<\/a>\n\t\t\t\t\t\t\t\t\t\t\t\t\t<\/div>\n\t\t\t\t<\/div>\n\t\t\t\t<div class=\"elementor-element elementor-element-ae5536a elementor-widget elementor-widget-text-editor\" data-id=\"ae5536a\" data-element_type=\"widget\" data-widget_type=\"text-editor.default\">\n\t\t\t\t<div class=\"elementor-widget-container\">\n\t\t\t\t\t\t\t<p>VIP Zone Sunny Beach<\/p><p>Eine kleine Oase am Sonnenstrand. Sehr ruhige Lage, ca. 10 Gehminuten vom Strand entfernt. Dieser Komplex ist sowohl f\u00fcr das ganze Jahr als auch nur f\u00fcr die Sommermonate geeignet. Akt 16 ist nat\u00fcrlich vorhanden. Einige Wohnungen warten noch auf ihre neuen Besitzer. F\u00fcr weitere Informationen senden Sie uns bitte eine E-Mail.<\/p>\t\t\t\t\t\t<\/div>\n\t\t\t\t<\/div>\n\t\t\t\t\t<\/div>\n\t\t\t\t<\/div>\n\t\t<div data-particle_enable=\"false\" data-particle-mobile-disabled=\"false\" class=\"elementor-element elementor-element-5545188 e-flex e-con-boxed e-con e-child\" data-id=\"5545188\" data-element_type=\"container\">\n\t\t\t\t\t<div class=\"e-con-inner\">\n\t\t\t\t<div class=\"elementor-element elementor-element-b9db017 elementor-widget elementor-widget-image\" data-id=\"b9db017\" data-element_type=\"widget\" data-widget_type=\"image.default\">\n\t\t\t\t<div class=\"elementor-widget-container\">\n\t\t\t\t\t\t\t\t\t\t\t\t\t\t<a href=\"https:\/\/classichouse.vip\/wp-content\/uploads\/2023\/03\/1.jpg\" data-elementor-open-lightbox=\"yes\" data-elementor-lightbox-title=\"1\" data-e-action-hash=\"#elementor-action%3Aaction%3Dlightbox%26settings%3DeyJpZCI6MTA5MiwidXJsIjoiaHR0cHM6XC9cL2NsYXNzaWNob3VzZS52aXBcL3dwLWNvbnRlbnRcL3VwbG9hZHNcLzIwMjNcLzAzXC8xLmpwZyJ9\">\n\t\t\t\t\t\t\t<img decoding=\"async\" width=\"800\" height=\"450\" src=\"https:\/\/classichouse.vip\/wp-content\/uploads\/2023\/03\/1-1024x576.jpg\" class=\"attachment-large size-large wp-image-1092\" alt=\"\" srcset=\"https:\/\/classichouse.vip\/wp-content\/uploads\/2023\/03\/1-1024x576.jpg 1024w, https:\/\/classichouse.vip\/wp-content\/uploads\/2023\/03\/1-300x169.jpg 300w, https:\/\/classichouse.vip\/wp-content\/uploads\/2023\/03\/1-768x432.jpg 768w, https:\/\/classichouse.vip\/wp-content\/uploads\/2023\/03\/1-1536x864.jpg 1536w, https:\/\/classichouse.vip\/wp-content\/uploads\/2023\/03\/1.jpg 1920w\" sizes=\"(max-width: 800px) 100vw, 800px\" \/>\t\t\t\t\t\t\t\t<\/a>\n\t\t\t\t\t\t\t\t\t\t\t\t\t<\/div>\n\t\t\t\t<\/div>\n\t\t\t\t<div class=\"elementor-element elementor-element-98b2498 elementor-widget elementor-widget-text-editor\" data-id=\"98b2498\" data-element_type=\"widget\" data-widget_type=\"text-editor.default\">\n\t\t\t\t<div class=\"elementor-widget-container\">\n\t\t\t\t\t\t\t<p>Prestige Fort Sveti Vlas<\/p><p>Genie\u00dfen Sie Ihren Morgenkaffee mit dieser Aussicht? Viele unserer Kunden k\u00f6nnen das bereits. Sie haben sich bewusst f\u00fcr diese wundersch\u00f6ne Anlage direkt am Meer entschieden. Einige Wohnungen warten noch auf ihre neuen Besitzer. Bitte kontaktieren Sie uns f\u00fcr weitere Informationen.<\/p>\t\t\t\t\t\t<\/div>\n\t\t\t\t<\/div>\n\t\t\t\t\t<\/div>\n\t\t\t\t<\/div>\n\t\t\t\t\t<\/div>\n\t\t\t\t<\/div>\n\t\t\t\t<\/div>","protected":false},"excerpt":{"rendered":"<p>popular apartment complexes Apartment complex Nushev In this beautiful complex, right by the sea in Sveti Vlas, we have already successfully brokered several properties. We currently have a great offer for you. Two apartments for the price of one. Feel free to email us for more information. \u00a0\u00a0 VIP Zone Sunny Beach A little oasis [&hellip;]<\/p>","protected":false},"author":1,"featured_media":0,"parent":0,"menu_order":0,"comment_status":"closed","ping_status":"closed","template":"elementor_header_footer","meta":{"inline_featured_image":false,"footnotes":""},"class_list":["post-1584","page","type-page","status-publish","hentry"],"_links":{"self":[{"href":"https:\/\/classichouse.vip\/de\/wp-json\/wp\/v2\/pages\/1584","targetHints":{"allow":["GET"]}}],"collection":[{"href":"https:\/\/classichouse.vip\/de\/wp-json\/wp\/v2\/pages"}],"about":[{"href":"https:\/\/classichouse.vip\/de\/wp-json\/wp\/v2\/types\/page"}],"author":[{"embeddable":true,"href":"https:\/\/classichouse.vip\/de\/wp-json\/wp\/v2\/users\/1"}],"replies":[{"embeddable":true,"href":"https:\/\/classichouse.vip\/de\/wp-json\/wp\/v2\/comments?post=1584"}],"version-history":[{"count":52,"href":"https:\/\/classichouse.vip\/de\/wp-json\/wp\/v2\/pages\/1584\/revisions"}],"predecessor-version":[{"id":1931,"href":"https:\/\/classichouse.vip\/de\/wp-json\/wp\/v2\/pages\/1584\/revisions\/1931"}],"wp:attachment":[{"href":"https:\/\/classichouse.vip\/de\/wp-json\/wp\/v2\/media?parent=1584"}],"curies":[{"name":"wp","href":"https:\/\/api.w.org\/{rel}","templated":true}]}}